{"id":922,"date":"2022-03-17T14:40:33","date_gmt":"2022-03-17T18:40:33","guid":{"rendered":"https:\/\/lesgrandesfetes.com\/?page_id=922"},"modified":"2023-04-17T09:34:41","modified_gmt":"2023-04-17T13:34:41","slug":"privacy-and-cookies-policy","status":"publish","type":"page","link":"https:\/\/lesgrandesfetes.com\/en\/privacy-and-cookies-policy\/","title":{"rendered":"Privacy and cookies policy"},"content":{"rendered":"\n<p><strong>Latest update : 2023-04-17<\/strong><\/p>\n\n\n\n<p>Nous prenons \u00e0 c\u0153ur la protection de vos donn\u00e9es personnelles. La pr\u00e9sente politique vous fournira de plus amples informations sur la fa\u00e7on dont nous recueillons, utilisons et prot\u00e9geons les informations qui nous sont transmises par les usagers de notre site.<\/p>\n\n\n\n<h2 class=\"wp-block-heading\" id=\"qui-sommes-nous\">Qui sommes-nous&nbsp;?<\/h2>\n\n\n\n<p>L\u2019adresse de notre site est&nbsp;<a href=\"https:\/\/lesgrandesfetes.com\">https:\/\/lesgrandesfetes.com<\/a>.<\/p>\n\n\n\n<p>Pour des questions ou commentaires concernant cette Politique, n\u2019h\u00e9sitez pas \u00e0 entrer en contact avec nous :<\/p>\n\n\n\n<p><strong>T\u00e9l\u00e9phone :<\/strong>&nbsp;1-855-550-7469<br><strong>Courriel :<\/strong>&nbsp;<a href=\"mailto:info@lesgrandesfetes.com\">info@lesgrandesfetes.com<\/a><\/p>\n\n\n\n<h2 class=\"wp-block-heading\" id=\"les-renseignements-personnels-que-vous-devez-fournir\">Les renseignements personnels que vous devez fournir<\/h2>\n\n\n\n<p id=\"en-tant-qu-acheteur\">En<strong> tant qu&#8217;acheteur<\/strong><\/p>\n\n\n\n<p>Tout utilisateur de notre site souhaitant proc\u00e9der \u00e0 l\u2019achat de billets doit fournir les renseignements suivants :<\/p>\n\n\n\n<ul class=\"wp-block-list\"><li>ses nom et pr\u00e9nom;<\/li><li>ses adresses postales et adresse de facturation (si diff\u00e9rentes);<\/li><li>son adresse courriel;<\/li><li>son num\u00e9ro de t\u00e9l\u00e9phone;<\/li><li>ses renseignements relatifs \u00e0 la carte de cr\u00e9dit; et<\/li><li>de mani\u00e8re optionnelle, le nom de son entreprise et t\u00e9l\u00e9phone cellulaire<\/li><\/ul>\n\n\n\n<p>Les Grandes F\u00eates TELUS utilise la plateforme de billetterie en ligne Le Point de Vente (<a href=\"https:\/\/lepointdevente.com\/\" target=\"_blank\" rel=\"noreferrer noopener\">https:\/\/lepointdevente.com\/<\/a>). Vous pouvez consulter leur politique de confidentialit\u00e9 en tout temps \u00e0 l&#8217;adresse suivante : <a href=\"https:\/\/lepointdevente.com\/conditions\/\" target=\"_blank\" rel=\"noreferrer noopener\">https:\/\/lepointdevente.com\/conditions\/<\/a>.<\/p>\n\n\n\n<p><strong>Lors de l&#8217;activationdu laissez-passer<\/strong><\/p>\n\n\n\n<p>Toute personne qui d\u00e9sire activer son laissez-passer ou celui d&#8217;un enfant doit fournir les informations suivantes : <\/p>\n\n\n\n<ul class=\"wp-block-list\"><li>son nom et pr\u00e9nom;<\/li><li>sa date de naissance;<\/li><li>son sexe;<\/li><li>sa couleur de cheveux;<\/li><\/ul>\n\n\n\n<p>Pour de plus amples informations concernant l&#8217;activation d&#8217;un laissez-passer, veuillez consulter la page suivante : <a href=\"https:\/\/lesgrandesfetes.com\/activation\/\">https:\/\/lesgrandesfetes.com\/activation\/<\/a>.<\/p>\n\n\n\n<h2 class=\"wp-block-heading\" id=\"contenu-embarque-depuis-d-autres-sites\">Contenu embarqu\u00e9 depuis d\u2019autres sites<\/h2>\n\n\n\n<p>Dans le cadre de ses campagnes publicitaires, les Grandes F\u00eates TELUS utilise et des cookies et des balises pixel, les services de Google Analytics et de Facebook pour effectuer du remarketing et en utilisant le site Internet et le syst\u00e8me de billetterie, vous consentez \u00e0 cette utilisation.<\/p>\n\n\n\n<p>Plus pr\u00e9cisement, Les Grandes F\u00eates TELUS utilise les fonctionnalit\u00e9s de remarketing de la publicit\u00e9 bas\u00e9e sur les int\u00e9r\u00eats et pages visit\u00e9es afin d&#8217;offrir des annonces qui rev\u00eatent un int\u00e9r\u00eat particulier pour vous, en fonction de votre historique de navigation et d&#8217;intention d&#8217;achat. Ces publicit\u00e9s appara\u00eetront principalement sur votre fils d&#8217;actualit\u00e9s Facebook.<\/p>\n\n\n\n<p>Vous pouvez \u00e9viter ce type de publicit\u00e9 en supprimant le ou les cookies Google et Facebook appropri\u00e9s par le biais de votre navigateur, mais cela ne peut pas \u00eatre permanent. Pour une solution permanente, vous pouvez vous d\u00e9sinscrire de ces publicit\u00e9s Facebook \u00e0 tout moment en visitant vos <a href=\"https:\/\/www.facebook.com\/settings?tab=privacy\" data-type=\"URL\" data-id=\"https:\/\/www.facebook.com\/settings?tab=privacy\" target=\"_blank\" rel=\"noreferrer noopener\">param\u00e8tres de confidentialit\u00e9<\/a>.<\/p>\n\n\n\n<h2 class=\"wp-block-heading\" id=\"cookies\">Cookies<\/h2>\n\n\n\n<p>Il se peut que nous recueillions des renseignements qui ne sont pas de nature personnelle, notamment le type de navigateur Internet ou de syst\u00e8me informatique que vous utilisez ou le nom de domaine du site Internet \u00e0 partir duquel vous avez \u00e9tabli le lien avec notre site. Ces renseignements sont utilis\u00e9s \u00e0 des fins statistiques, afin de donner un portrait de l\u2019utilisateur moyen utilisant le site ou les services de billetterie, et ne servent aucunement \u00e0 identifier les utilisateurs du site. Ces renseignements peuvent inclure le type de navigateur Internet que vous utilisez, la langue de votre navigateur Internet, le temps pass\u00e9 sur le site, les pages visit\u00e9es, les artistes recherch\u00e9s, le type d\u2019appareil que vous utilisez, votre adresse IP, ainsi que les appels faits et autres interactions avec notre service \u00e0 la client\u00e8le.<br>&nbsp;<br>De plus, lorsque vous visitez notre site, nous pouvons introduire certains renseignements sur votre ordinateur sous la forme d\u2019un t\u00e9moin (cookie) ou d\u2019un fichier semblable. Les t\u00e9moins nous permettent de conserver certaines informations \u00e0 propos de votre utilisation du site, incluant la date de votre plus r\u00e9cente visite, les pages consult\u00e9es et les fichiers t\u00e9l\u00e9charg\u00e9s, le cas \u00e9ch\u00e9ant. Les t\u00e9moins nous permettentd\u2019adapter notre site afin qu\u2019ils r\u00e9pondent mieux \u00e0 vos int\u00e9r\u00eats et \u00e0 vos pr\u00e9f\u00e9rences. Les t\u00e9moins ne sont donc pas utilis\u00e9s pour vous identifier, mais plut\u00f4t pour bonifier, personnaliser ou faciliter votre exp\u00e9rience sur notre site.<\/p>\n\n\n\n<p>Par ailleurs, nous tenons \u00e0 vous informer qu\u2019un t\u00e9moin peut \u00eatre introduit sur votre ordinateur si vous acc\u00e9dez \u00e0 notre site par l\u2019entremise d\u2019un bandeau publicitaire plac\u00e9 sur un site partenaire. Ce t\u00e9moin sert \u00e0 identifier le site qui vous a men\u00e9 sur notre site Internet et, dans le cas d\u2019une vente, identifier le partenaire qui a initi\u00e9 la vente. Ce t\u00e9moin ne contient aucun renseignement personnel et ne permet pas de vous identifier. Vos renseignements tels que vos nom, pr\u00e9nom, courriel, adresse postale, mot de passe ou num\u00e9ro de carte de cr\u00e9dit ne sont pas enregistr\u00e9s par ce t\u00e9moin ou tout autre t\u00e9moin utilis\u00e9 sur notre site. Nous nous assurons ainsi de la s\u00e9curit\u00e9 des renseignements confidentiels que vous nous confiez.<br>&nbsp;<br>La plupart des navigateurs Internet vous permettent d\u2019effacer les t\u00e9moins du disque dur de votre ordinateur, de les bloquer ou de recevoir un avertissement avant leur implantation. Veuillez vous r\u00e9f\u00e9rer aux instructions de votre navigateur pour en apprendre plus sur ces fonctions. Si vous refusez les t\u00e9moins, vous aurez quand m\u00eame acc\u00e8s au site et vous pourrez proc\u00e9der \u00e0 l\u2019achat ou la vente de billets, mais il est possible que votre navigation en soit affect\u00e9e et que vous ne puissiez profiter de certaines fonctionnalit\u00e9s de notre site.<\/p>\n\n\n\n<h2 class=\"wp-block-heading\" id=\"les-droits-que-vous-avez-sur-vos-donnees\">Exactitude de vos Renseignements personnels<\/h2>\n\n\n\n<p>Les Renseignements personnels que vous communiquez \u00e0 les Grandes F\u00eates TELUS devraient \u00eatre aussi complets, exacts et \u00e0 jour que possible.<\/p>\n\n\n\n<p>Vous pouvez en tout temps demander \u00e0 ce que votre Dossier soit mis \u00e0 jour pour y corriger toute erreur ou y compl\u00e9ter tout Renseignement personnel s\u2019y trouvant. De plus, vous pouvez demander \u00e0 ce que tout Renseignement personnel devenu obsol\u00e8te ou non pertinent aux fins d\u2019atteindre les objectifs d\u00e9crits dans cette Politique soit supprim\u00e9 de votre Dossier. Pour ce faire, vous pouvez entrer en contact avec nous.<\/p>\n\n\n\n<h2 class=\"wp-block-heading\" id=\"acces-a-vos-renseignements-personnels\">Acc\u00e8s \u00e0 vos Renseignements personnels<\/h2>\n\n\n\n<p>Vos Renseignements personnels sont uniquement accessibles par les employ\u00e9s et membres de l\u2019Entreprise pour lesquels un tel acc\u00e8s est n\u00e9cessaire afin d\u2019effectuer leurs obligations.<\/p>\n\n\n\n<p>En tout temps, vous pouvez faire une demande pour que Les Grandes F\u00eates TELUS vous fournisse une liste des Renseignements personnels qu\u2019elle d\u00e9tient et qui vous concernent et, le cas \u00e9ch\u00e9ant, qu\u2019elle vous informe si vos Renseignements personnels ont \u00e9t\u00e9 communiqu\u00e9s \u00e0 des tiers. L\u2019acc\u00e8s \u00e0 votre dossier est gratuit.<\/p>\n\n\n\n<p>Cependant, des frais raisonnables pourraient \u00eatre exig\u00e9s si vous demandez la transcription, la reproduction ou la transmission de votre dossier. Nous vous informerons d\u2019avance, le cas \u00e9ch\u00e9ant, si des frais peuvent s\u2019appliquer \u00e0 votre demande.<\/p>\n\n\n\n<h2 class=\"wp-block-heading\" id=\"retrait-d-une-liste-d-envoi\">Retrait d&#8217;une liste d&#8217;envoi<\/h2>\n\n\n\n<p>\u00c0 tout moment, vous pouvez choisir de ne plus recevoir notre infolettre et les envois cibl\u00e9s sur nos produits et services. Pour ce faire, vous pouvez utiliser le lien fourni au bas de chacun des courriels qui vous est envoy\u00e9 par Les Grandes F\u00eates TELUS.<\/p>\n","protected":false},"excerpt":{"rendered":"<p>Latest update : 2023-04-17 Nous prenons \u00e0 c\u0153ur la protection de vos donn\u00e9es personnelles. La pr\u00e9sente politique vous fournira de plus amples informations sur la fa\u00e7on dont nous recueillons, utilisons et prot\u00e9geons les informations qui nous sont transmises par les usagers de notre site. Qui sommes-nous&nbsp;? L\u2019adresse de notre site est&nbsp;https:\/\/lesgrandesfetes.com. Pour des questions ou [&hellip;]<\/p>\n","protected":false},"author":1,"featured_media":0,"parent":0,"menu_order":0,"comment_status":"closed","ping_status":"open","template":"","meta":{"_acf_changed":false,"_vp_format_video_url":"","_vp_image_focal_point":[],"footnotes":""},"class_list":["post-922","page","type-page","status-publish","hentry"],"acf":[],"yoast_head":"<!-- This site is optimized with the Yoast SEO plugin v26.7 - https:\/\/yoast.com\/wordpress\/plugins\/seo\/ -->\n<title>Privacy and cookies policy - Les Grandes F\u00eates TELUS<\/title>\n<meta name=\"robots\" content=\"index, follow, max-snippet:-1, max-image-preview:large, max-video-preview:-1\" \/>\n<link rel=\"canonical\" href=\"https:\/\/lesgrandesfetes.com\/politique-de-confidentialite\/\" \/>\n<meta property=\"og:locale\" content=\"en_US\" \/>\n<meta property=\"og:type\" content=\"article\" \/>\n<meta property=\"og:title\" content=\"Privacy and cookies policy - Les Grandes F\u00eates TELUS\" \/>\n<meta property=\"og:description\" content=\"Latest update : 2023-04-17 Nous prenons \u00e0 c\u0153ur la protection de vos donn\u00e9es personnelles. La pr\u00e9sente politique vous fournira de plus amples informations sur la fa\u00e7on dont nous recueillons, utilisons et prot\u00e9geons les informations qui nous sont transmises par les usagers de notre site. Qui sommes-nous&nbsp;? L\u2019adresse de notre site est&nbsp;https:\/\/lesgrandesfetes.com. Pour des questions ou [&hellip;]\" \/>\n<meta property=\"og:url\" content=\"https:\/\/lesgrandesfetes.com\/politique-de-confidentialite\/\" \/>\n<meta property=\"og:site_name\" content=\"Les Grandes F\u00eates TELUS\" \/>\n<meta property=\"article:modified_time\" content=\"2023-04-17T13:34:41+00:00\" \/>\n<meta name=\"twitter:card\" content=\"summary_large_image\" \/>\n<meta name=\"twitter:label1\" content=\"Est. reading time\" \/>\n\t<meta name=\"twitter:data1\" content=\"6 minutes\" \/>\n<script type=\"application\/ld+json\" class=\"yoast-schema-graph\">{\"@context\":\"https:\/\/schema.org\",\"@graph\":[{\"@type\":\"WebPage\",\"@id\":\"https:\/\/lesgrandesfetes.com\/politique-de-confidentialite\/\",\"url\":\"https:\/\/lesgrandesfetes.com\/politique-de-confidentialite\/\",\"name\":\"Privacy and cookies policy - Les Grandes F\u00eates TELUS\",\"isPartOf\":{\"@id\":\"https:\/\/lesgrandesfetes.com\/#website\"},\"datePublished\":\"2022-03-17T18:40:33+00:00\",\"dateModified\":\"2023-04-17T13:34:41+00:00\",\"breadcrumb\":{\"@id\":\"https:\/\/lesgrandesfetes.com\/politique-de-confidentialite\/#breadcrumb\"},\"inLanguage\":\"en-US\",\"potentialAction\":[{\"@type\":\"ReadAction\",\"target\":[\"https:\/\/lesgrandesfetes.com\/politique-de-confidentialite\/\"]}]},{\"@type\":\"BreadcrumbList\",\"@id\":\"https:\/\/lesgrandesfetes.com\/politique-de-confidentialite\/#breadcrumb\",\"itemListElement\":[{\"@type\":\"ListItem\",\"position\":1,\"name\":\"Accueil\",\"item\":\"https:\/\/lesgrandesfetes.com\/en\/\"},{\"@type\":\"ListItem\",\"position\":2,\"name\":\"Privacy and cookies policy\"}]},{\"@type\":\"WebSite\",\"@id\":\"https:\/\/lesgrandesfetes.com\/#website\",\"url\":\"https:\/\/lesgrandesfetes.com\/\",\"name\":\"Les Grandes F\u00eates TELUS\",\"description\":\"31 juillet au 3 ao\u00fbt 2025\",\"potentialAction\":[{\"@type\":\"SearchAction\",\"target\":{\"@type\":\"EntryPoint\",\"urlTemplate\":\"https:\/\/lesgrandesfetes.com\/?s={search_term_string}\"},\"query-input\":{\"@type\":\"PropertyValueSpecification\",\"valueRequired\":true,\"valueName\":\"search_term_string\"}}],\"inLanguage\":\"en-US\"}]}<\/script>\n<!-- \/ Yoast SEO plugin. -->","yoast_head_json":{"title":"Privacy and cookies policy - Les Grandes F\u00eates TELUS","robots":{"index":"index","follow":"follow","max-snippet":"max-snippet:-1","max-image-preview":"max-image-preview:large","max-video-preview":"max-video-preview:-1"},"canonical":"https:\/\/lesgrandesfetes.com\/politique-de-confidentialite\/","og_locale":"en_US","og_type":"article","og_title":"Privacy and cookies policy - Les Grandes F\u00eates TELUS","og_description":"Latest update : 2023-04-17 Nous prenons \u00e0 c\u0153ur la protection de vos donn\u00e9es personnelles. La pr\u00e9sente politique vous fournira de plus amples informations sur la fa\u00e7on dont nous recueillons, utilisons et prot\u00e9geons les informations qui nous sont transmises par les usagers de notre site. Qui sommes-nous&nbsp;? L\u2019adresse de notre site est&nbsp;https:\/\/lesgrandesfetes.com. Pour des questions ou [&hellip;]","og_url":"https:\/\/lesgrandesfetes.com\/politique-de-confidentialite\/","og_site_name":"Les Grandes F\u00eates TELUS","article_modified_time":"2023-04-17T13:34:41+00:00","twitter_card":"summary_large_image","twitter_misc":{"Est. reading time":"6 minutes"},"schema":{"@context":"https:\/\/schema.org","@graph":[{"@type":"WebPage","@id":"https:\/\/lesgrandesfetes.com\/politique-de-confidentialite\/","url":"https:\/\/lesgrandesfetes.com\/politique-de-confidentialite\/","name":"Privacy and cookies policy - Les Grandes F\u00eates TELUS","isPartOf":{"@id":"https:\/\/lesgrandesfetes.com\/#website"},"datePublished":"2022-03-17T18:40:33+00:00","dateModified":"2023-04-17T13:34:41+00:00","breadcrumb":{"@id":"https:\/\/lesgrandesfetes.com\/politique-de-confidentialite\/#breadcrumb"},"inLanguage":"en-US","potentialAction":[{"@type":"ReadAction","target":["https:\/\/lesgrandesfetes.com\/politique-de-confidentialite\/"]}]},{"@type":"BreadcrumbList","@id":"https:\/\/lesgrandesfetes.com\/politique-de-confidentialite\/#breadcrumb","itemListElement":[{"@type":"ListItem","position":1,"name":"Accueil","item":"https:\/\/lesgrandesfetes.com\/en\/"},{"@type":"ListItem","position":2,"name":"Privacy and cookies policy"}]},{"@type":"WebSite","@id":"https:\/\/lesgrandesfetes.com\/#website","url":"https:\/\/lesgrandesfetes.com\/","name":"Les Grandes F\u00eates TELUS","description":"31 juillet au 3 ao\u00fbt 2025","potentialAction":[{"@type":"SearchAction","target":{"@type":"EntryPoint","urlTemplate":"https:\/\/lesgrandesfetes.com\/?s={search_term_string}"},"query-input":{"@type":"PropertyValueSpecification","valueRequired":true,"valueName":"search_term_string"}}],"inLanguage":"en-US"}]}},"_links":{"self":[{"href":"https:\/\/lesgrandesfetes.com\/en\/wp-json\/wp\/v2\/pages\/922","targetHints":{"allow":["GET"]}}],"collection":[{"href":"https:\/\/lesgrandesfetes.com\/en\/wp-json\/wp\/v2\/pages"}],"about":[{"href":"https:\/\/lesgrandesfetes.com\/en\/wp-json\/wp\/v2\/types\/page"}],"author":[{"embeddable":true,"href":"https:\/\/lesgrandesfetes.com\/en\/wp-json\/wp\/v2\/users\/1"}],"replies":[{"embeddable":true,"href":"https:\/\/lesgrandesfetes.com\/en\/wp-json\/wp\/v2\/comments?post=922"}],"version-history":[{"count":2,"href":"https:\/\/lesgrandesfetes.com\/en\/wp-json\/wp\/v2\/pages\/922\/revisions"}],"predecessor-version":[{"id":924,"href":"https:\/\/lesgrandesfetes.com\/en\/wp-json\/wp\/v2\/pages\/922\/revisions\/924"}],"wp:attachment":[{"href":"https:\/\/lesgrandesfetes.com\/en\/wp-json\/wp\/v2\/media?parent=922"}],"curies":[{"name":"wp","href":"https:\/\/api.w.org\/{rel}","templated":true}]}}