{"id":365,"date":"2022-03-17T14:47:19","date_gmt":"2022-03-17T18:47:19","guid":{"rendered":"http:\/\/localhost\/?page_id=365"},"modified":"2024-06-20T10:18:35","modified_gmt":"2024-06-20T14:18:35","slug":"words-from-our-dignitaire","status":"publish","type":"page","link":"https:\/\/lesgrandesfetes.com\/en\/words-from-our-dignitaire\/","title":{"rendered":"Words from our dignitary"},"content":{"rendered":"\n<p class=\"has-text-align-right\">Les Grandes F\u00eates TELUS<br>Message from the Government of Quebec<\/p>\n\n\n\n<figure class=\"wp-block-image size-large is-resized\"><img decoding=\"async\" width=\"1024\" height=\"1024\" src=\"https:\/\/lesgrandesfetes.com\/wp-content\/uploads\/2023\/07\/PHOTO_Proulx_Caroline-1024x1024.png\" alt=\"\" class=\"wp-image-1704\" style=\"object-fit:cover;width:296px;height:296px\" srcset=\"https:\/\/lesgrandesfetes.com\/wp-content\/uploads\/2023\/07\/PHOTO_Proulx_Caroline-1024x1024.png 1024w, https:\/\/lesgrandesfetes.com\/wp-content\/uploads\/2023\/07\/PHOTO_Proulx_Caroline-768x768.png 768w, https:\/\/lesgrandesfetes.com\/wp-content\/uploads\/2023\/07\/PHOTO_Proulx_Caroline-500x500.png 500w, https:\/\/lesgrandesfetes.com\/wp-content\/uploads\/2023\/07\/PHOTO_Proulx_Caroline-800x800.png 800w, https:\/\/lesgrandesfetes.com\/wp-content\/uploads\/2023\/07\/PHOTO_Proulx_Caroline.png 1200w\" sizes=\"(max-width: 1024px) 100vw, 1024px\" \/><\/figure>\n\n\n\n<p><strong>Un \u00e9v\u00e9nement incontournable \u00e0 Rimouski!<\/strong><\/p>\n\n\n\n<p>Notre grande vari\u00e9t\u00e9 de festivals et d\u2019\u00e9v\u00e9nements permet \u00e0 notre destination de se distinguer sur les plans culturel et touristique. Le gouvernement du Qu\u00e9bec est heureux de s&#8217;associer aux Grandes F\u00eates TELUS, un \u00e9v\u00e9nement grandiose et immanquable dans l&#8217;Est-du-Qu\u00e9bec.<\/p>\n\n\n\n<p>Cette f\u00eate, rassemblant artistes \u00e9tablis et artistes de la rel\u00e8ve, poss\u00e8de un grand pouvoir d\u2019attraction qui va au-del\u00e0 des fronti\u00e8res du Qu\u00e9bec. Elle fait partie de ces rendez-vous qui stimulent l\u2019\u00e9conomie de la r\u00e9gion du Bas-Saint-Laurent. L\u2019\u00e9v\u00e9nement participe \u00e9galement au rayonnement du savoir-faire des acteurs de nos industries \u00e9v\u00e9nementielle et culturelle tout en contribuant \u00e0 pr\u00e9senter une offre touristique durable dans la r\u00e9gion.<\/p>\n\n\n\n<p>Chaque ann\u00e9e, les festivali\u00e8res et festivaliers peuvent se divertir gr\u00e2ce \u00e0 une programmation dynamique dans le centre-ville de Rimouski. F\u00e9licitations \u00e0 l\u2019\u00e9quipe organisatrice, qui a orchestr\u00e9 de main de ma\u00eetre ce rassemblement festif.<\/p>\n\n\n\n<p>Bon \u00e9v\u00e9nement!<\/p>\n\n\n\n<p>La ministre du Tourisme <\/p>\n\n\n\n<p>et ministre responsable de la r\u00e9gion de Lanaudi\u00e8re,<\/p>\n\n\n\n<figure class=\"wp-block-image size-large is-resized\"><img decoding=\"async\" width=\"1024\" height=\"230\" src=\"http:\/\/localhost\/wp-content\/uploads\/2022\/03\/signature_Caroline_Proulx-1024x230.png\" alt=\"\" class=\"wp-image-196\" style=\"width:173px;height:38px\" srcset=\"https:\/\/lesgrandesfetes.com\/wp-content\/uploads\/2022\/03\/signature_Caroline_Proulx-1024x230.png 1024w, https:\/\/lesgrandesfetes.com\/wp-content\/uploads\/2022\/03\/signature_Caroline_Proulx-768x173.png 768w, https:\/\/lesgrandesfetes.com\/wp-content\/uploads\/2022\/03\/signature_Caroline_Proulx-1536x345.png 1536w, https:\/\/lesgrandesfetes.com\/wp-content\/uploads\/2022\/03\/signature_Caroline_Proulx-2048x461.png 2048w\" sizes=\"(max-width: 1024px) 100vw, 1024px\" \/><\/figure>\n\n\n\n<p><strong>Caroline Proulx<\/strong><\/p>\n\n\n\n<div class=\"wp-block-columns is-layout-flex wp-container-core-columns-is-layout-9d6595d7 wp-block-columns-is-layout-flex\">\n<div class=\"wp-block-column is-layout-flow wp-block-column-is-layout-flow\"><div class=\"wp-block-image\">\n<figure class=\"alignleft size-large is-resized\"><img decoding=\"async\" width=\"1024\" height=\"303\" src=\"http:\/\/localhost\/wp-content\/uploads\/2022\/03\/logo_votre_gouvergement-1024x303.png\" alt=\"\" class=\"wp-image-199\" style=\"width:220px\" srcset=\"https:\/\/lesgrandesfetes.com\/wp-content\/uploads\/2022\/03\/logo_votre_gouvergement-1024x303.png 1024w, https:\/\/lesgrandesfetes.com\/wp-content\/uploads\/2022\/03\/logo_votre_gouvergement-768x228.png 768w, https:\/\/lesgrandesfetes.com\/wp-content\/uploads\/2022\/03\/logo_votre_gouvergement.png 1026w\" sizes=\"(max-width: 1024px) 100vw, 1024px\" \/><\/figure>\n<\/div><\/div>\n\n\n\n<div class=\"wp-block-column is-layout-flow wp-block-column-is-layout-flow\"><div class=\"wp-block-image\">\n<figure class=\"alignright size-large is-resized\"><img decoding=\"async\" width=\"1024\" height=\"285\" src=\"http:\/\/localhost\/wp-content\/uploads\/2022\/03\/logo_quebec-1024x285.png\" alt=\"\" class=\"wp-image-200\" style=\"width:220px\" srcset=\"https:\/\/lesgrandesfetes.com\/wp-content\/uploads\/2022\/03\/logo_quebec-1024x285.png 1024w, https:\/\/lesgrandesfetes.com\/wp-content\/uploads\/2022\/03\/logo_quebec-768x214.png 768w, https:\/\/lesgrandesfetes.com\/wp-content\/uploads\/2022\/03\/logo_quebec.png 1248w\" sizes=\"(max-width: 1024px) 100vw, 1024px\" \/><\/figure>\n<\/div><\/div>\n<\/div>\n\n\n\n<p><\/p>\n","protected":false},"excerpt":{"rendered":"<p>Les Grandes F\u00eates TELUSMessage from the Government of Quebec Un \u00e9v\u00e9nement incontournable \u00e0 Rimouski! Notre grande vari\u00e9t\u00e9 de festivals et d\u2019\u00e9v\u00e9nements permet \u00e0 notre destination de se distinguer sur les plans culturel et touristique. Le gouvernement du Qu\u00e9bec est heureux de s&#8217;associer aux Grandes F\u00eates TELUS, un \u00e9v\u00e9nement grandiose et immanquable dans l&#8217;Est-du-Qu\u00e9bec. Cette f\u00eate, [&hellip;]<\/p>\n","protected":false},"author":1,"featured_media":0,"parent":0,"menu_order":0,"comment_status":"closed","ping_status":"closed","template":"","meta":{"_acf_changed":false,"_vp_format_video_url":"","_vp_image_focal_point":[],"footnotes":""},"class_list":["post-365","page","type-page","status-publish","hentry"],"acf":[],"yoast_head":"<!-- This site is optimized with the Yoast SEO plugin v26.7 - https:\/\/yoast.com\/wordpress\/plugins\/seo\/ -->\n<title>Words from our dignitary - Les Grandes F\u00eates TELUS<\/title>\n<meta name=\"robots\" content=\"index, follow, max-snippet:-1, max-image-preview:large, max-video-preview:-1\" \/>\n<link rel=\"canonical\" href=\"https:\/\/lesgrandesfetes.com\/mot-de-la-ministre\/\" \/>\n<meta property=\"og:locale\" content=\"en_US\" \/>\n<meta property=\"og:type\" content=\"article\" \/>\n<meta property=\"og:title\" content=\"Words from our dignitary - Les Grandes F\u00eates TELUS\" \/>\n<meta property=\"og:description\" content=\"Les Grandes F\u00eates TELUSMessage from the Government of Quebec Un \u00e9v\u00e9nement incontournable \u00e0 Rimouski! Notre grande vari\u00e9t\u00e9 de festivals et d\u2019\u00e9v\u00e9nements permet \u00e0 notre destination de se distinguer sur les plans culturel et touristique. Le gouvernement du Qu\u00e9bec est heureux de s&#8217;associer aux Grandes F\u00eates TELUS, un \u00e9v\u00e9nement grandiose et immanquable dans l&#8217;Est-du-Qu\u00e9bec. Cette f\u00eate, [&hellip;]\" \/>\n<meta property=\"og:url\" content=\"https:\/\/lesgrandesfetes.com\/mot-de-la-ministre\/\" \/>\n<meta property=\"og:site_name\" content=\"Les Grandes F\u00eates TELUS\" \/>\n<meta property=\"article:modified_time\" content=\"2024-06-20T14:18:35+00:00\" \/>\n<meta property=\"og:image\" content=\"https:\/\/lesgrandesfetes.com\/wp-content\/uploads\/2023\/07\/PHOTO_Proulx_Caroline.png\" \/>\n\t<meta property=\"og:image:width\" content=\"1200\" \/>\n\t<meta property=\"og:image:height\" content=\"1200\" \/>\n\t<meta property=\"og:image:type\" content=\"image\/png\" \/>\n<meta name=\"twitter:card\" content=\"summary_large_image\" \/>\n<meta name=\"twitter:label1\" content=\"Est. reading time\" \/>\n\t<meta name=\"twitter:data1\" content=\"1 minute\" \/>\n<script type=\"application\/ld+json\" class=\"yoast-schema-graph\">{\"@context\":\"https:\/\/schema.org\",\"@graph\":[{\"@type\":\"WebPage\",\"@id\":\"https:\/\/lesgrandesfetes.com\/mot-de-la-ministre\/\",\"url\":\"https:\/\/lesgrandesfetes.com\/mot-de-la-ministre\/\",\"name\":\"Words from our dignitary - Les Grandes F\u00eates TELUS\",\"isPartOf\":{\"@id\":\"https:\/\/lesgrandesfetes.com\/#website\"},\"primaryImageOfPage\":{\"@id\":\"https:\/\/lesgrandesfetes.com\/mot-de-la-ministre\/#primaryimage\"},\"image\":{\"@id\":\"https:\/\/lesgrandesfetes.com\/mot-de-la-ministre\/#primaryimage\"},\"thumbnailUrl\":\"https:\/\/lesgrandesfetes.com\/wp-content\/uploads\/2023\/07\/PHOTO_Proulx_Caroline-1024x1024.png\",\"datePublished\":\"2022-03-17T18:47:19+00:00\",\"dateModified\":\"2024-06-20T14:18:35+00:00\",\"breadcrumb\":{\"@id\":\"https:\/\/lesgrandesfetes.com\/mot-de-la-ministre\/#breadcrumb\"},\"inLanguage\":\"en-US\",\"potentialAction\":[{\"@type\":\"ReadAction\",\"target\":[\"https:\/\/lesgrandesfetes.com\/mot-de-la-ministre\/\"]}]},{\"@type\":\"ImageObject\",\"inLanguage\":\"en-US\",\"@id\":\"https:\/\/lesgrandesfetes.com\/mot-de-la-ministre\/#primaryimage\",\"url\":\"https:\/\/lesgrandesfetes.com\/wp-content\/uploads\/2023\/07\/PHOTO_Proulx_Caroline-1024x1024.png\",\"contentUrl\":\"https:\/\/lesgrandesfetes.com\/wp-content\/uploads\/2023\/07\/PHOTO_Proulx_Caroline-1024x1024.png\"},{\"@type\":\"BreadcrumbList\",\"@id\":\"https:\/\/lesgrandesfetes.com\/mot-de-la-ministre\/#breadcrumb\",\"itemListElement\":[{\"@type\":\"ListItem\",\"position\":1,\"name\":\"Accueil\",\"item\":\"https:\/\/lesgrandesfetes.com\/en\/\"},{\"@type\":\"ListItem\",\"position\":2,\"name\":\"Words from our dignitary\"}]},{\"@type\":\"WebSite\",\"@id\":\"https:\/\/lesgrandesfetes.com\/#website\",\"url\":\"https:\/\/lesgrandesfetes.com\/\",\"name\":\"Les Grandes F\u00eates TELUS\",\"description\":\"31 juillet au 3 ao\u00fbt 2025\",\"potentialAction\":[{\"@type\":\"SearchAction\",\"target\":{\"@type\":\"EntryPoint\",\"urlTemplate\":\"https:\/\/lesgrandesfetes.com\/?s={search_term_string}\"},\"query-input\":{\"@type\":\"PropertyValueSpecification\",\"valueRequired\":true,\"valueName\":\"search_term_string\"}}],\"inLanguage\":\"en-US\"}]}<\/script>\n<!-- \/ Yoast SEO plugin. -->","yoast_head_json":{"title":"Words from our dignitary - Les Grandes F\u00eates TELUS","robots":{"index":"index","follow":"follow","max-snippet":"max-snippet:-1","max-image-preview":"max-image-preview:large","max-video-preview":"max-video-preview:-1"},"canonical":"https:\/\/lesgrandesfetes.com\/mot-de-la-ministre\/","og_locale":"en_US","og_type":"article","og_title":"Words from our dignitary - Les Grandes F\u00eates TELUS","og_description":"Les Grandes F\u00eates TELUSMessage from the Government of Quebec Un \u00e9v\u00e9nement incontournable \u00e0 Rimouski! Notre grande vari\u00e9t\u00e9 de festivals et d\u2019\u00e9v\u00e9nements permet \u00e0 notre destination de se distinguer sur les plans culturel et touristique. Le gouvernement du Qu\u00e9bec est heureux de s&#8217;associer aux Grandes F\u00eates TELUS, un \u00e9v\u00e9nement grandiose et immanquable dans l&#8217;Est-du-Qu\u00e9bec. Cette f\u00eate, [&hellip;]","og_url":"https:\/\/lesgrandesfetes.com\/mot-de-la-ministre\/","og_site_name":"Les Grandes F\u00eates TELUS","article_modified_time":"2024-06-20T14:18:35+00:00","og_image":[{"width":1200,"height":1200,"url":"https:\/\/lesgrandesfetes.com\/wp-content\/uploads\/2023\/07\/PHOTO_Proulx_Caroline.png","type":"image\/png"}],"twitter_card":"summary_large_image","twitter_misc":{"Est. reading time":"1 minute"},"schema":{"@context":"https:\/\/schema.org","@graph":[{"@type":"WebPage","@id":"https:\/\/lesgrandesfetes.com\/mot-de-la-ministre\/","url":"https:\/\/lesgrandesfetes.com\/mot-de-la-ministre\/","name":"Words from our dignitary - Les Grandes F\u00eates TELUS","isPartOf":{"@id":"https:\/\/lesgrandesfetes.com\/#website"},"primaryImageOfPage":{"@id":"https:\/\/lesgrandesfetes.com\/mot-de-la-ministre\/#primaryimage"},"image":{"@id":"https:\/\/lesgrandesfetes.com\/mot-de-la-ministre\/#primaryimage"},"thumbnailUrl":"https:\/\/lesgrandesfetes.com\/wp-content\/uploads\/2023\/07\/PHOTO_Proulx_Caroline-1024x1024.png","datePublished":"2022-03-17T18:47:19+00:00","dateModified":"2024-06-20T14:18:35+00:00","breadcrumb":{"@id":"https:\/\/lesgrandesfetes.com\/mot-de-la-ministre\/#breadcrumb"},"inLanguage":"en-US","potentialAction":[{"@type":"ReadAction","target":["https:\/\/lesgrandesfetes.com\/mot-de-la-ministre\/"]}]},{"@type":"ImageObject","inLanguage":"en-US","@id":"https:\/\/lesgrandesfetes.com\/mot-de-la-ministre\/#primaryimage","url":"https:\/\/lesgrandesfetes.com\/wp-content\/uploads\/2023\/07\/PHOTO_Proulx_Caroline-1024x1024.png","contentUrl":"https:\/\/lesgrandesfetes.com\/wp-content\/uploads\/2023\/07\/PHOTO_Proulx_Caroline-1024x1024.png"},{"@type":"BreadcrumbList","@id":"https:\/\/lesgrandesfetes.com\/mot-de-la-ministre\/#breadcrumb","itemListElement":[{"@type":"ListItem","position":1,"name":"Accueil","item":"https:\/\/lesgrandesfetes.com\/en\/"},{"@type":"ListItem","position":2,"name":"Words from our dignitary"}]},{"@type":"WebSite","@id":"https:\/\/lesgrandesfetes.com\/#website","url":"https:\/\/lesgrandesfetes.com\/","name":"Les Grandes F\u00eates TELUS","description":"31 juillet au 3 ao\u00fbt 2025","potentialAction":[{"@type":"SearchAction","target":{"@type":"EntryPoint","urlTemplate":"https:\/\/lesgrandesfetes.com\/?s={search_term_string}"},"query-input":{"@type":"PropertyValueSpecification","valueRequired":true,"valueName":"search_term_string"}}],"inLanguage":"en-US"}]}},"_links":{"self":[{"href":"https:\/\/lesgrandesfetes.com\/en\/wp-json\/wp\/v2\/pages\/365","targetHints":{"allow":["GET"]}}],"collection":[{"href":"https:\/\/lesgrandesfetes.com\/en\/wp-json\/wp\/v2\/pages"}],"about":[{"href":"https:\/\/lesgrandesfetes.com\/en\/wp-json\/wp\/v2\/types\/page"}],"author":[{"embeddable":true,"href":"https:\/\/lesgrandesfetes.com\/en\/wp-json\/wp\/v2\/users\/1"}],"replies":[{"embeddable":true,"href":"https:\/\/lesgrandesfetes.com\/en\/wp-json\/wp\/v2\/comments?post=365"}],"version-history":[{"count":5,"href":"https:\/\/lesgrandesfetes.com\/en\/wp-json\/wp\/v2\/pages\/365\/revisions"}],"predecessor-version":[{"id":2247,"href":"https:\/\/lesgrandesfetes.com\/en\/wp-json\/wp\/v2\/pages\/365\/revisions\/2247"}],"wp:attachment":[{"href":"https:\/\/lesgrandesfetes.com\/en\/wp-json\/wp\/v2\/media?parent=365"}],"curies":[{"name":"wp","href":"https:\/\/api.w.org\/{rel}","templated":true}]}}