{"id":349,"date":"2022-03-17T12:01:31","date_gmt":"2022-03-17T16:01:31","guid":{"rendered":"http:\/\/localhost\/?page_id=349"},"modified":"2024-01-08T10:59:46","modified_gmt":"2024-01-08T15:59:46","slug":"security-prevention","status":"publish","type":"page","link":"https:\/\/lesgrandesfetes.com\/en\/information\/security-prevention\/","title":{"rendered":"Security &#038; prevention"},"content":{"rendered":"\n<h2 class=\"wp-block-heading\" id=\"reglements-sur-le-site-du-festival\">Regulations on the Festival Site<\/h2>\n\n\n\n<p>The safety of all festival-goers, artists, and team members is our priority. Security on the site is maintained through control at the main entrance and the West entrance, by the presence of security agents and a medical team.<\/p>\n\n\n\n<div class=\"wp-block-columns is-layout-flex wp-container-core-columns-is-layout-9d6595d7 wp-block-columns-is-layout-flex\">\n<div class=\"wp-block-column is-layout-flow wp-block-column-is-layout-flow\">\n<h3 class=\"wp-block-heading\" id=\"objets-refuses-sur-le-site\">Prohibited Items on Site<\/h3>\n\n\n\n<ul class=\"wp-block-list\">\n<li>Alcohol and any beverage containing it<\/li>\n\n\n\n<li>Umbrella<\/li>\n\n\n\n<li>Dog<\/li>\n\n\n\n<li>Skateboard<\/li>\n\n\n\n<li>Food<\/li>\n\n\n\n<li>Motorcycle helmet<\/li>\n\n\n\n<li>Bladed weapon<\/li>\n\n\n\n<li>Firearm<\/li>\n\n\n\n<li>Firework<\/li>\n\n\n\n<li>Portable radio<\/li>\n\n\n\n<li>Sports equipment<\/li>\n<\/ul>\n<\/div>\n\n\n\n<div class=\"wp-block-column is-layout-flow wp-block-column-is-layout-flow\">\n<h3 class=\"wp-block-heading\" id=\"objets-refuses-sur-le-site\">Items Allowed on Site<\/h3>\n\n\n\n<ul class=\"wp-block-list\">\n<li>Warm clothes<\/li>\n\n\n\n<li>Folding \/ camping chair (designated area on the natural slope)<\/li>\n\n\n\n<li>Child stroller<\/li>\n\n\n\n<li>Purse, small backpack<\/li>\n\n\n\n<li>Empty and transparent water bottle (a refill station will be available inside the site)<\/li>\n<\/ul>\n<\/div>\n<\/div>\n\n\n\n<div class=\"wp-block-columns is-layout-flex wp-container-core-columns-is-layout-9d6595d7 wp-block-columns-is-layout-flex\">\n<div class=\"wp-block-column is-layout-flow wp-block-column-is-layout-flow\"><\/div>\n<\/div>\n\n\n\n<h2 class=\"wp-block-heading\" id=\"securite\">Security<\/h2>\n\n\n\n<p>Les Grandes F\u00eates TELUS can rely on S\u00e9curit\u00e9 BSL agents for the event. All security personnel hold a work permit issued by the Bureau de la s\u00e9curit\u00e9 priv\u00e9e (Private Security Bureau).<\/p>\n\n\n\n<p>Each festival-goers will be subject to a search to ensure that they do not bring any prohibited items onto the site.<\/p>\n\n\n\n<div class=\"wp-block-columns are-vertically-aligned-center is-layout-flex wp-container-core-columns-is-layout-9d6595d7 wp-block-columns-is-layout-flex\">\n<div class=\"wp-block-column is-vertically-aligned-center is-layout-flow wp-block-column-is-layout-flow\">\n<figure class=\"wp-block-image size-large\"><img decoding=\"async\" width=\"1024\" height=\"682\" src=\"http:\/\/lesgrandesfetes.com\/wp-content\/uploads\/2022\/03\/O0jY9X3A-1-1024x682.jpg\" alt=\"\" class=\"wp-image-456\" srcset=\"https:\/\/lesgrandesfetes.com\/wp-content\/uploads\/2022\/03\/O0jY9X3A-1-1024x682.jpg 1024w, https:\/\/lesgrandesfetes.com\/wp-content\/uploads\/2022\/03\/O0jY9X3A-1-768x512.jpg 768w, https:\/\/lesgrandesfetes.com\/wp-content\/uploads\/2022\/03\/O0jY9X3A-1-1536x1023.jpg 1536w, https:\/\/lesgrandesfetes.com\/wp-content\/uploads\/2022\/03\/O0jY9X3A-1.jpg 1600w\" sizes=\"(max-width: 1024px) 100vw, 1024px\" \/><\/figure>\n<\/div>\n\n\n\n<div class=\"wp-block-column is-vertically-aligned-center is-layout-flow wp-block-column-is-layout-flow\">\n<figure class=\"wp-block-image size-full\"><img decoding=\"async\" width=\"648\" height=\"432\" src=\"http:\/\/lesgrandesfetes.com\/wp-content\/uploads\/2022\/03\/securite.jpg\" alt=\"\" class=\"wp-image-474\"\/><\/figure>\n<\/div>\n<\/div>\n\n\n\n<h2 class=\"wp-block-heading\" id=\"premiers-soins\">First Aid<\/h2>\n\n\n\n<div class=\"wp-block-columns is-layout-flex wp-container-core-columns-is-layout-9d6595d7 wp-block-columns-is-layout-flex\">\n<div class=\"wp-block-column is-layout-flow wp-block-column-is-layout-flow\">\n<p>The medical team of Les Grandes F\u00eates TELUS constantly patrols the entire site during the evenings of activities. A first aid station is also set up on the main festival site. Refer to the <a href=\"https:\/\/lesgrandesfetes.com\/en\/information\/sitemap\/\" data-type=\"link\" data-id=\"https:\/\/lesgrandesfetes.com\/infos\/carte-du-site\/\">Site Map<\/a> to locate it. Do not hesitate to ask them for help if needed.<\/p>\n<\/div>\n\n\n\n<div class=\"wp-block-column is-layout-flow wp-block-column-is-layout-flow\">\n<figure class=\"wp-block-image size-full\"><img decoding=\"async\" width=\"648\" height=\"432\" src=\"http:\/\/lesgrandesfetes.com\/wp-content\/uploads\/2022\/03\/YPC5992.jpg\" alt=\"\" class=\"wp-image-464\"\/><\/figure>\n<\/div>\n<\/div>\n\n\n\n<h2 class=\"wp-block-heading\" id=\"plan-d-urgence-et-d-evacuation\">Emergency and Evacuation Plan<\/h2>\n\n\n\n<p>In collaboration with the Rimouski Police and Fire Service as well as S\u00e9curit\u00e9 BSL agency, an emergency and evacuation plan, as well as a complete security plan realized and certified by PMU Qu\u00e9bec, are in place to ensure the smooth running of the event and the efficiency of responses in case of an incident.<\/p>\n\n\n\n<h2 class=\"wp-block-heading\" id=\"prevention-et-sante\">Prevention and Health<\/h2>\n\n\n\n<p><strong>Weather Conditions<\/strong><\/p>\n\n\n\n<p>The shows take place rain or shine, except in the case of an electrical storm or strong winds that could endanger the safety of festival-goers and artists. Being in Rimouski, on the shore of the Saint Lawrence River, summer evenings can be cool. We advise you to take the necessary precautions to adapt well to temperature changes.<\/p>\n\n\n\n<p>In case of high temperatures, do not forget to hydrate adequately and apply sunscreen.<\/p>\n\n\n\n<p>Please note that umbrellas are prohibited on the festival site. Plan to bring a poncho in case of rain!<\/p>\n\n\n\n<p><strong>Hearing Protection<\/strong><\/p>\n\n\n\n<p>Plan to bring sound protection equipment for young children. The sound level at some shows could be harmful to their ears.<\/p>\n\n\n\n<div class=\"wp-block-columns is-layout-flex wp-container-core-columns-is-layout-9d6595d7 wp-block-columns-is-layout-flex\">\n<div class=\"wp-block-column is-layout-flow wp-block-column-is-layout-flow\">\n<figure class=\"wp-block-image size-full\"><img decoding=\"async\" width=\"648\" height=\"432\" src=\"http:\/\/lesgrandesfetes.com\/wp-content\/uploads\/2022\/03\/securite-prevention.jpg\" alt=\"\" class=\"wp-image-468\"\/><\/figure>\n<\/div>\n\n\n\n<div class=\"wp-block-column is-layout-flow wp-block-column-is-layout-flow\">\n<figure class=\"wp-block-image size-full\"><img decoding=\"async\" width=\"648\" height=\"432\" src=\"http:\/\/lesgrandesfetes.com\/wp-content\/uploads\/2022\/03\/securite-prevention2.jpg\" alt=\"\" class=\"wp-image-470\"\/><\/figure>\n<\/div>\n<\/div>\n","protected":false},"excerpt":{"rendered":"<p>Regulations on the Festival Site The safety of all festival-goers, artists, and team members is our priority. Security on the site is maintained through control at the main entrance and the West entrance, by the presence of security agents and a medical team. Prohibited Items on Site Items Allowed on Site Security Les Grandes F\u00eates [&hellip;]<\/p>\n","protected":false},"author":1,"featured_media":450,"parent":347,"menu_order":4,"comment_status":"closed","ping_status":"closed","template":"","meta":{"_acf_changed":false,"_vp_format_video_url":"","_vp_image_focal_point":[],"footnotes":""},"class_list":["post-349","page","type-page","status-publish","has-post-thumbnail","hentry"],"acf":[],"yoast_head":"<!-- This site is optimized with the Yoast SEO plugin v26.7 - https:\/\/yoast.com\/wordpress\/plugins\/seo\/ -->\n<title>Security &amp; prevention - Les Grandes F\u00eates TELUS<\/title>\n<meta name=\"robots\" content=\"index, follow, max-snippet:-1, max-image-preview:large, max-video-preview:-1\" \/>\n<link rel=\"canonical\" href=\"https:\/\/lesgrandesfetes.com\/infos\/securite-et-prevention\/\" \/>\n<meta property=\"og:locale\" content=\"en_US\" \/>\n<meta property=\"og:type\" content=\"article\" \/>\n<meta property=\"og:title\" content=\"Security &amp; prevention - Les Grandes F\u00eates TELUS\" \/>\n<meta property=\"og:description\" content=\"Regulations on the Festival Site The safety of all festival-goers, artists, and team members is our priority. Security on the site is maintained through control at the main entrance and the West entrance, by the presence of security agents and a medical team. Prohibited Items on Site Items Allowed on Site Security Les Grandes F\u00eates [&hellip;]\" \/>\n<meta property=\"og:url\" content=\"https:\/\/lesgrandesfetes.com\/infos\/securite-et-prevention\/\" \/>\n<meta property=\"og:site_name\" content=\"Les Grandes F\u00eates TELUS\" \/>\n<meta property=\"article:modified_time\" content=\"2024-01-08T15:59:46+00:00\" \/>\n<meta property=\"og:image\" content=\"https:\/\/lesgrandesfetes.com\/wp-content\/uploads\/2022\/03\/O0jY9X3A.jpg\" \/>\n\t<meta property=\"og:image:width\" content=\"1600\" \/>\n\t<meta property=\"og:image:height\" content=\"1066\" \/>\n\t<meta property=\"og:image:type\" content=\"image\/jpeg\" \/>\n<meta name=\"twitter:card\" content=\"summary_large_image\" \/>\n<meta name=\"twitter:label1\" content=\"Est. reading time\" \/>\n\t<meta name=\"twitter:data1\" content=\"2 minutes\" \/>\n<script type=\"application\/ld+json\" class=\"yoast-schema-graph\">{\"@context\":\"https:\/\/schema.org\",\"@graph\":[{\"@type\":\"WebPage\",\"@id\":\"https:\/\/lesgrandesfetes.com\/infos\/securite-et-prevention\/\",\"url\":\"https:\/\/lesgrandesfetes.com\/infos\/securite-et-prevention\/\",\"name\":\"Security & prevention - Les Grandes F\u00eates TELUS\",\"isPartOf\":{\"@id\":\"https:\/\/lesgrandesfetes.com\/#website\"},\"primaryImageOfPage\":{\"@id\":\"https:\/\/lesgrandesfetes.com\/infos\/securite-et-prevention\/#primaryimage\"},\"image\":{\"@id\":\"https:\/\/lesgrandesfetes.com\/infos\/securite-et-prevention\/#primaryimage\"},\"thumbnailUrl\":\"https:\/\/lesgrandesfetes.com\/wp-content\/uploads\/2022\/03\/O0jY9X3A.jpg\",\"datePublished\":\"2022-03-17T16:01:31+00:00\",\"dateModified\":\"2024-01-08T15:59:46+00:00\",\"breadcrumb\":{\"@id\":\"https:\/\/lesgrandesfetes.com\/infos\/securite-et-prevention\/#breadcrumb\"},\"inLanguage\":\"en-US\",\"potentialAction\":[{\"@type\":\"ReadAction\",\"target\":[\"https:\/\/lesgrandesfetes.com\/infos\/securite-et-prevention\/\"]}]},{\"@type\":\"ImageObject\",\"inLanguage\":\"en-US\",\"@id\":\"https:\/\/lesgrandesfetes.com\/infos\/securite-et-prevention\/#primaryimage\",\"url\":\"https:\/\/lesgrandesfetes.com\/wp-content\/uploads\/2022\/03\/O0jY9X3A.jpg\",\"contentUrl\":\"https:\/\/lesgrandesfetes.com\/wp-content\/uploads\/2022\/03\/O0jY9X3A.jpg\",\"width\":1600,\"height\":1066},{\"@type\":\"BreadcrumbList\",\"@id\":\"https:\/\/lesgrandesfetes.com\/infos\/securite-et-prevention\/#breadcrumb\",\"itemListElement\":[{\"@type\":\"ListItem\",\"position\":1,\"name\":\"Accueil\",\"item\":\"https:\/\/lesgrandesfetes.com\/en\/\"},{\"@type\":\"ListItem\",\"position\":2,\"name\":\"Information\",\"item\":\"https:\/\/lesgrandesfetes.com\/infos\/\"},{\"@type\":\"ListItem\",\"position\":3,\"name\":\"Security &#038; prevention\"}]},{\"@type\":\"WebSite\",\"@id\":\"https:\/\/lesgrandesfetes.com\/#website\",\"url\":\"https:\/\/lesgrandesfetes.com\/\",\"name\":\"Les Grandes F\u00eates TELUS\",\"description\":\"31 juillet au 3 ao\u00fbt 2025\",\"potentialAction\":[{\"@type\":\"SearchAction\",\"target\":{\"@type\":\"EntryPoint\",\"urlTemplate\":\"https:\/\/lesgrandesfetes.com\/?s={search_term_string}\"},\"query-input\":{\"@type\":\"PropertyValueSpecification\",\"valueRequired\":true,\"valueName\":\"search_term_string\"}}],\"inLanguage\":\"en-US\"}]}<\/script>\n<!-- \/ Yoast SEO plugin. -->","yoast_head_json":{"title":"Security & prevention - Les Grandes F\u00eates TELUS","robots":{"index":"index","follow":"follow","max-snippet":"max-snippet:-1","max-image-preview":"max-image-preview:large","max-video-preview":"max-video-preview:-1"},"canonical":"https:\/\/lesgrandesfetes.com\/infos\/securite-et-prevention\/","og_locale":"en_US","og_type":"article","og_title":"Security & prevention - Les Grandes F\u00eates TELUS","og_description":"Regulations on the Festival Site The safety of all festival-goers, artists, and team members is our priority. Security on the site is maintained through control at the main entrance and the West entrance, by the presence of security agents and a medical team. Prohibited Items on Site Items Allowed on Site Security Les Grandes F\u00eates [&hellip;]","og_url":"https:\/\/lesgrandesfetes.com\/infos\/securite-et-prevention\/","og_site_name":"Les Grandes F\u00eates TELUS","article_modified_time":"2024-01-08T15:59:46+00:00","og_image":[{"width":1600,"height":1066,"url":"https:\/\/lesgrandesfetes.com\/wp-content\/uploads\/2022\/03\/O0jY9X3A.jpg","type":"image\/jpeg"}],"twitter_card":"summary_large_image","twitter_misc":{"Est. reading time":"2 minutes"},"schema":{"@context":"https:\/\/schema.org","@graph":[{"@type":"WebPage","@id":"https:\/\/lesgrandesfetes.com\/infos\/securite-et-prevention\/","url":"https:\/\/lesgrandesfetes.com\/infos\/securite-et-prevention\/","name":"Security & prevention - Les Grandes F\u00eates TELUS","isPartOf":{"@id":"https:\/\/lesgrandesfetes.com\/#website"},"primaryImageOfPage":{"@id":"https:\/\/lesgrandesfetes.com\/infos\/securite-et-prevention\/#primaryimage"},"image":{"@id":"https:\/\/lesgrandesfetes.com\/infos\/securite-et-prevention\/#primaryimage"},"thumbnailUrl":"https:\/\/lesgrandesfetes.com\/wp-content\/uploads\/2022\/03\/O0jY9X3A.jpg","datePublished":"2022-03-17T16:01:31+00:00","dateModified":"2024-01-08T15:59:46+00:00","breadcrumb":{"@id":"https:\/\/lesgrandesfetes.com\/infos\/securite-et-prevention\/#breadcrumb"},"inLanguage":"en-US","potentialAction":[{"@type":"ReadAction","target":["https:\/\/lesgrandesfetes.com\/infos\/securite-et-prevention\/"]}]},{"@type":"ImageObject","inLanguage":"en-US","@id":"https:\/\/lesgrandesfetes.com\/infos\/securite-et-prevention\/#primaryimage","url":"https:\/\/lesgrandesfetes.com\/wp-content\/uploads\/2022\/03\/O0jY9X3A.jpg","contentUrl":"https:\/\/lesgrandesfetes.com\/wp-content\/uploads\/2022\/03\/O0jY9X3A.jpg","width":1600,"height":1066},{"@type":"BreadcrumbList","@id":"https:\/\/lesgrandesfetes.com\/infos\/securite-et-prevention\/#breadcrumb","itemListElement":[{"@type":"ListItem","position":1,"name":"Accueil","item":"https:\/\/lesgrandesfetes.com\/en\/"},{"@type":"ListItem","position":2,"name":"Information","item":"https:\/\/lesgrandesfetes.com\/infos\/"},{"@type":"ListItem","position":3,"name":"Security &#038; prevention"}]},{"@type":"WebSite","@id":"https:\/\/lesgrandesfetes.com\/#website","url":"https:\/\/lesgrandesfetes.com\/","name":"Les Grandes F\u00eates TELUS","description":"31 juillet au 3 ao\u00fbt 2025","potentialAction":[{"@type":"SearchAction","target":{"@type":"EntryPoint","urlTemplate":"https:\/\/lesgrandesfetes.com\/?s={search_term_string}"},"query-input":{"@type":"PropertyValueSpecification","valueRequired":true,"valueName":"search_term_string"}}],"inLanguage":"en-US"}]}},"_links":{"self":[{"href":"https:\/\/lesgrandesfetes.com\/en\/wp-json\/wp\/v2\/pages\/349","targetHints":{"allow":["GET"]}}],"collection":[{"href":"https:\/\/lesgrandesfetes.com\/en\/wp-json\/wp\/v2\/pages"}],"about":[{"href":"https:\/\/lesgrandesfetes.com\/en\/wp-json\/wp\/v2\/types\/page"}],"author":[{"embeddable":true,"href":"https:\/\/lesgrandesfetes.com\/en\/wp-json\/wp\/v2\/users\/1"}],"replies":[{"embeddable":true,"href":"https:\/\/lesgrandesfetes.com\/en\/wp-json\/wp\/v2\/comments?post=349"}],"version-history":[{"count":4,"href":"https:\/\/lesgrandesfetes.com\/en\/wp-json\/wp\/v2\/pages\/349\/revisions"}],"predecessor-version":[{"id":2023,"href":"https:\/\/lesgrandesfetes.com\/en\/wp-json\/wp\/v2\/pages\/349\/revisions\/2023"}],"up":[{"embeddable":true,"href":"https:\/\/lesgrandesfetes.com\/en\/wp-json\/wp\/v2\/pages\/347"}],"wp:featuredmedia":[{"embeddable":true,"href":"https:\/\/lesgrandesfetes.com\/en\/wp-json\/wp\/v2\/media\/450"}],"wp:attachment":[{"href":"https:\/\/lesgrandesfetes.com\/en\/wp-json\/wp\/v2\/media?parent=349"}],"curies":[{"name":"wp","href":"https:\/\/api.w.org\/{rel}","templated":true}]}}